{"id":17340,"date":"2017-06-16T10:52:39","date_gmt":"2017-06-16T08:52:39","guid":{"rendered":"https:\/\/www.fastback.be\/actualite\/"},"modified":"2025-01-22T12:27:36","modified_gmt":"2025-01-22T11:27:36","slug":"news","status":"publish","type":"page","link":"https:\/\/www.fastback-automotive.com\/en\/news\/","title":{"rendered":"News"},"content":{"rendered":"<div class=\"wpb-content-wrapper\"><p>[vc_row][vc_column]<style type=\"text\/css\" data-type=\"the7_shortcodes-inline-css\">.blog-shortcode.blog-masonry-shortcode-id-3cc96853c4f2967503bc1e2b4e779484.dividers-on.classic-layout-list article {\n  padding-top: 0;\n}\n.blog-shortcode.blog-masonry-shortcode-id-3cc96853c4f2967503bc1e2b4e779484.dividers-on.classic-layout-list article:first-of-type {\n  margin-top: 0;\n  padding-top: 0;\n}\n.blog-shortcode.blog-masonry-shortcode-id-3cc96853c4f2967503bc1e2b4e779484.classic-layout-list.mode-list .post-entry-content {\n  width: calc(100% - );\n}\n.blog-shortcode.blog-masonry-shortcode-id-3cc96853c4f2967503bc1e2b4e779484.classic-layout-list.mode-list .no-img .post-entry-content {\n  width: 100%;\n}\n.blog-shortcode.blog-masonry-shortcode-id-3cc96853c4f2967503bc1e2b4e779484 .filter-bg-decoration .filter-categories a.act {\n  color: #fff;\n}\n.blog-shortcode.blog-masonry-shortcode-id-3cc96853c4f2967503bc1e2b4e779484:not(.mode-masonry) article:first-of-type,\n.blog-shortcode.blog-masonry-shortcode-id-3cc96853c4f2967503bc1e2b4e779484:not(.mode-masonry) article.visible.first:not(.product) {\n  margin-top: 0;\n}\n.blog-shortcode.blog-masonry-shortcode-id-3cc96853c4f2967503bc1e2b4e779484.dividers-on:not(.mode-masonry) article {\n  margin-top: 0;\n}\n.blog-shortcode.blog-masonry-shortcode-id-3cc96853c4f2967503bc1e2b4e779484.dividers-on:not(.mode-masonry) article:first-of-type,\n.blog-shortcode.blog-masonry-shortcode-id-3cc96853c4f2967503bc1e2b4e779484.dividers-on:not(.mode-masonry) article.visible.first:not(.product) {\n  margin-top: 0;\n  padding-top: 0;\n}\n.blog-shortcode.blog-masonry-shortcode-id-3cc96853c4f2967503bc1e2b4e779484 .post-thumbnail-wrap {\n  padding: 0px 0px 0px 0px;\n}\n.blog-shortcode.blog-masonry-shortcode-id-3cc96853c4f2967503bc1e2b4e779484.enable-bg-rollover .post-thumbnail-rollover:after {\n  background: -webkit-linear-gradient();\n  background: linear-gradient();\n}\n.blog-shortcode.blog-masonry-shortcode-id-3cc96853c4f2967503bc1e2b4e779484 .gallery-zoom-ico {\n  width: 44px;\n  height: 44px;\n  line-height: 44px;\n  border-radius: 100px;\n  margin: -22px 0 0 -22px;\n  border-width: 0px;\n  color: #ffffff;\n}\n.bottom-overlap-layout-list.blog-shortcode.blog-masonry-shortcode-id-3cc96853c4f2967503bc1e2b4e779484 .gallery-zoom-ico {\n  margin-top: -72px;\n}\n.gradient-overlay-layout-list.blog-shortcode.blog-masonry-shortcode-id-3cc96853c4f2967503bc1e2b4e779484 .gallery-zoom-ico,\n.content-rollover-layout-list.blog-shortcode.blog-masonry-shortcode-id-3cc96853c4f2967503bc1e2b4e779484 .gallery-zoom-ico {\n  margin: 0 0 10px;\n}\n.content-align-center.gradient-overlay-layout-list.blog-shortcode.blog-masonry-shortcode-id-3cc96853c4f2967503bc1e2b4e779484 .gallery-zoom-ico,\n.content-align-center.content-rollover-layout-list.blog-shortcode.blog-masonry-shortcode-id-3cc96853c4f2967503bc1e2b4e779484 .gallery-zoom-ico {\n  margin: 0 auto 10px;\n}\n.dt-icon-bg-on.blog-shortcode.blog-masonry-shortcode-id-3cc96853c4f2967503bc1e2b4e779484 .gallery-zoom-ico {\n  background: rgba(255,255,255,0.3);\n  box-shadow: none;\n}\n.blog-shortcode.blog-masonry-shortcode-id-3cc96853c4f2967503bc1e2b4e779484 .gallery-zoom-ico > span,\n.blog-shortcode.blog-masonry-shortcode-id-3cc96853c4f2967503bc1e2b4e779484 .gallery-zoom-ico:before {\n  font-size: 32px;\n  line-height: 44px;\n}\n.blog-shortcode.blog-masonry-shortcode-id-3cc96853c4f2967503bc1e2b4e779484 .gallery-zoom-ico > span,\n.blog-shortcode.blog-masonry-shortcode-id-3cc96853c4f2967503bc1e2b4e779484 .gallery-zoom-ico:before {\n  color: #ffffff;\n}\n.blog-shortcode.blog-masonry-shortcode-id-3cc96853c4f2967503bc1e2b4e779484 .entry-title,\n.blog-shortcode.blog-masonry-shortcode-id-3cc96853c4f2967503bc1e2b4e779484.owl-carousel .entry-title {\n  margin-bottom: 15px;\n  font-size: 20px;\n  line-height: 30px;\n  font-weight: bold;\n}\n.blog-shortcode.blog-masonry-shortcode-id-3cc96853c4f2967503bc1e2b4e779484 .entry-meta {\n  margin-bottom: 15px;\n}\n.blog-shortcode.blog-masonry-shortcode-id-3cc96853c4f2967503bc1e2b4e779484 .portfolio-categories {\n  margin-bottom: 15px;\n}\n.blog-shortcode.blog-masonry-shortcode-id-3cc96853c4f2967503bc1e2b4e779484 .entry-excerpt {\n  margin-bottom: 15px;\n}\n.blog-shortcode.blog-masonry-shortcode-id-3cc96853c4f2967503bc1e2b4e779484:not(.centered-layout-list) .post-entry-content {\n  padding: 15px 0px 50px 0px;\n}\n.blog-shortcode.blog-masonry-shortcode-id-3cc96853c4f2967503bc1e2b4e779484:not(.centered-layout-list):not(.content-bg-on):not(.mode-list) .no-img .post-entry-content {\n  padding: 0;\n}\n@media screen and (max-width: ) {\n  .blog-shortcode.blog-masonry-shortcode-id-3cc96853c4f2967503bc1e2b4e779484 article {\n    -ms-flex-flow: column nowrap;\n    flex-flow: column nowrap;\n    margin-top: 20px;\n  }\n  .blog-shortcode.blog-masonry-shortcode-id-3cc96853c4f2967503bc1e2b4e779484.dividers-on article {\n    border: none;\n  }\n  .blog-shortcode.blog-masonry-shortcode-id-3cc96853c4f2967503bc1e2b4e779484.content-bg-on.centered-layout-list article {\n    padding: 0;\n  }\n  .blog-shortcode.blog-masonry-shortcode-id-3cc96853c4f2967503bc1e2b4e779484.blog-shortcode.dividers-on article,\n  .blog-shortcode.blog-masonry-shortcode-id-3cc96853c4f2967503bc1e2b4e779484.dividers-on.classic-layout-list article {\n    margin-top: 20px;\n    padding: 0;\n  }\n  .blog-shortcode.blog-masonry-shortcode-id-3cc96853c4f2967503bc1e2b4e779484.blog-shortcode.dividers-on article:first-of-type,\n  .blog-shortcode.blog-masonry-shortcode-id-3cc96853c4f2967503bc1e2b4e779484.dividers-on.classic-layout-list article:first-of-type {\n    padding: 0;\n  }\n  #page .blog-shortcode.blog-masonry-shortcode-id-3cc96853c4f2967503bc1e2b4e779484 .post-thumbnail-wrap,\n  #page .blog-shortcode.blog-masonry-shortcode-id-3cc96853c4f2967503bc1e2b4e779484 .post-entry-content {\n    width: 100%;\n    margin: 0;\n    top: 0;\n  }\n  #page .blog-shortcode.blog-masonry-shortcode-id-3cc96853c4f2967503bc1e2b4e779484 .post-thumbnail-wrap {\n    padding: 0;\n  }\n  #page .blog-shortcode.blog-masonry-shortcode-id-3cc96853c4f2967503bc1e2b4e779484 .post-entry-content:after {\n    display: none;\n  }\n  #page .blog-shortcode.blog-masonry-shortcode-id-3cc96853c4f2967503bc1e2b4e779484 .project-even .post-thumbnail-wrap,\n  #page .blog-shortcode.blog-masonry-shortcode-id-3cc96853c4f2967503bc1e2b4e779484.centered-layout-list .post-thumbnail-wrap {\n    -ms-flex-order: 0;\n    order: 0;\n  }\n  #page .blog-shortcode.blog-masonry-shortcode-id-3cc96853c4f2967503bc1e2b4e779484.centered-layout-list .post-entry-title-content {\n    -ms-flex-order: 1;\n    order: 1;\n    width: 100%;\n    padding: 20px 20px 0;\n  }\n  #page .blog-shortcode.blog-masonry-shortcode-id-3cc96853c4f2967503bc1e2b4e779484.centered-layout-list .post-entry-content {\n    -ms-flex-order: 2;\n    order: 2;\n    padding-top: 0;\n  }\n  #page .blog-shortcode.blog-masonry-shortcode-id-3cc96853c4f2967503bc1e2b4e779484 .fancy-categories {\n    top: 10px;\n    left: 10px;\n    bottom: auto;\n    right: auto;\n  }\n  #page .blog-shortcode.blog-masonry-shortcode-id-3cc96853c4f2967503bc1e2b4e779484 .fancy-date a {\n    top: 10px;\n    right: 10px;\n    left: auto;\n    bottom: auto;\n  }\n  #page .blog-shortcode.blog-masonry-shortcode-id-3cc96853c4f2967503bc1e2b4e779484 .post-entry-content {\n    padding: 20px;\n  }\n  #page .blog-shortcode.blog-masonry-shortcode-id-3cc96853c4f2967503bc1e2b4e779484 .entry-title {\n    margin: 3px 0 5px;\n    font-size: 20px;\n    line-height: 26px;\n  }\n  #page .blog-shortcode.blog-masonry-shortcode-id-3cc96853c4f2967503bc1e2b4e779484 .entry-meta {\n    margin: 5px 0 5px;\n  }\n  #page .blog-shortcode.blog-masonry-shortcode-id-3cc96853c4f2967503bc1e2b4e779484 .entry-excerpt {\n    margin: 15px 0 0;\n  }\n  #page .blog-shortcode.blog-masonry-shortcode-id-3cc96853c4f2967503bc1e2b4e779484 .post-details {\n    margin: 5px 0 10px;\n  }\n  #page .blog-shortcode.blog-masonry-shortcode-id-3cc96853c4f2967503bc1e2b4e779484 .post-details.details-type-link {\n    margin-bottom: 2px;\n  }\n}\n.blog-shortcode.blog-masonry-shortcode-id-3cc96853c4f2967503bc1e2b4e779484:not(.resize-by-browser-width) .dt-css-grid {\n  grid-row-gap: 30px;\n  grid-column-gap: 30px;\n  grid-template-columns: repeat(auto-fill,minmax(,1fr));\n}\n.blog-shortcode.blog-masonry-shortcode-id-3cc96853c4f2967503bc1e2b4e779484:not(.resize-by-browser-width) .dt-css-grid .double-width {\n  grid-column: span 2;\n}\n.cssgridlegacy.no-cssgrid .blog-shortcode.blog-masonry-shortcode-id-3cc96853c4f2967503bc1e2b4e779484:not(.resize-by-browser-width) .dt-css-grid,\n.no-cssgridlegacy.no-cssgrid .blog-shortcode.blog-masonry-shortcode-id-3cc96853c4f2967503bc1e2b4e779484:not(.resize-by-browser-width) .dt-css-grid {\n  display: flex;\n  flex-flow: row wrap;\n  margin: -15px;\n}\n.cssgridlegacy.no-cssgrid .blog-shortcode.blog-masonry-shortcode-id-3cc96853c4f2967503bc1e2b4e779484:not(.resize-by-browser-width) .dt-css-grid .wf-cell,\n.no-cssgridlegacy.no-cssgrid .blog-shortcode.blog-masonry-shortcode-id-3cc96853c4f2967503bc1e2b4e779484:not(.resize-by-browser-width) .dt-css-grid .wf-cell {\n  flex: 1 0 ;\n  max-width: 100%;\n  padding: 15px;\n  box-sizing: border-box;\n}\n.blog-shortcode.blog-masonry-shortcode-id-3cc96853c4f2967503bc1e2b4e779484.resize-by-browser-width .dt-css-grid {\n  grid-template-columns: repeat(3,1fr);\n  grid-template-rows: auto;\n  grid-column-gap: 30px;\n  grid-row-gap: 30px;\n}\n.blog-shortcode.blog-masonry-shortcode-id-3cc96853c4f2967503bc1e2b4e779484.resize-by-browser-width .dt-css-grid .double-width {\n  grid-column: span 2;\n}\n.cssgridlegacy.no-cssgrid .blog-shortcode.blog-masonry-shortcode-id-3cc96853c4f2967503bc1e2b4e779484.resize-by-browser-width .dt-css-grid {\n  margin: -15px;\n}\n.cssgridlegacy.no-cssgrid .blog-shortcode.blog-masonry-shortcode-id-3cc96853c4f2967503bc1e2b4e779484.resize-by-browser-width .dt-css-grid .wf-cell {\n  width: 33.333333333333%;\n  padding: 15px;\n}\n.cssgridlegacy.no-cssgrid .blog-shortcode.blog-masonry-shortcode-id-3cc96853c4f2967503bc1e2b4e779484.resize-by-browser-width .dt-css-grid .wf-cell.double-width {\n  width: calc(33.333333333333%) * 2;\n}\n.blog-shortcode.blog-masonry-shortcode-id-3cc96853c4f2967503bc1e2b4e779484.resize-by-browser-width:not(.centered-layout-list):not(.content-bg-on) .dt-css-grid {\n  grid-row-gap: -20px;\n}\n@media screen and (max-width: 1199px) {\n  .blog-shortcode.blog-masonry-shortcode-id-3cc96853c4f2967503bc1e2b4e779484.resize-by-browser-width .dt-css-grid {\n    grid-template-columns: repeat(3,1fr);\n  }\n  .cssgridlegacy.no-cssgrid .blog-shortcode.blog-masonry-shortcode-id-3cc96853c4f2967503bc1e2b4e779484.resize-by-browser-width .dt-css-grid .wf-cell,\n  .no-cssgridlegacy.no-cssgrid .blog-shortcode.blog-masonry-shortcode-id-3cc96853c4f2967503bc1e2b4e779484.resize-by-browser-width .dt-css-grid .wf-cell {\n    width: 33.333333333333%;\n  }\n  .cssgridlegacy.no-cssgrid .blog-shortcode.blog-masonry-shortcode-id-3cc96853c4f2967503bc1e2b4e779484.resize-by-browser-width .dt-css-grid .wf-cell.double-width,\n  .no-cssgridlegacy.no-cssgrid .blog-shortcode.blog-masonry-shortcode-id-3cc96853c4f2967503bc1e2b4e779484.resize-by-browser-width .dt-css-grid .wf-cell.double-width {\n    width: calc(33.333333333333%)*2;\n  }\n}\n@media screen and (max-width: 991px) {\n  .blog-shortcode.blog-masonry-shortcode-id-3cc96853c4f2967503bc1e2b4e779484.resize-by-browser-width .dt-css-grid {\n    grid-template-columns: repeat(2,1fr);\n  }\n  .cssgridlegacy.no-cssgrid .blog-shortcode.blog-masonry-shortcode-id-3cc96853c4f2967503bc1e2b4e779484.resize-by-browser-width .dt-css-grid .wf-cell,\n  .no-cssgridlegacy.no-cssgrid .blog-shortcode.blog-masonry-shortcode-id-3cc96853c4f2967503bc1e2b4e779484.resize-by-browser-width .dt-css-grid .wf-cell {\n    width: 50%;\n  }\n  .cssgridlegacy.no-cssgrid .blog-shortcode.blog-masonry-shortcode-id-3cc96853c4f2967503bc1e2b4e779484.resize-by-browser-width .dt-css-grid .wf-cell.double-width,\n  .no-cssgridlegacy.no-cssgrid .blog-shortcode.blog-masonry-shortcode-id-3cc96853c4f2967503bc1e2b4e779484.resize-by-browser-width .dt-css-grid .wf-cell.double-width {\n    width: calc(50%)*2;\n  }\n}\n@media screen and (max-width: 767px) {\n  .blog-shortcode.blog-masonry-shortcode-id-3cc96853c4f2967503bc1e2b4e779484.resize-by-browser-width .dt-css-grid {\n    grid-template-columns: repeat(1,1fr);\n  }\n  .blog-shortcode.blog-masonry-shortcode-id-3cc96853c4f2967503bc1e2b4e779484.resize-by-browser-width .dt-css-grid .double-width {\n    grid-column: span 1;\n  }\n  .cssgridlegacy.no-cssgrid .blog-shortcode.blog-masonry-shortcode-id-3cc96853c4f2967503bc1e2b4e779484.resize-by-browser-width .dt-css-grid .wf-cell,\n  .no-cssgridlegacy.no-cssgrid .blog-shortcode.blog-masonry-shortcode-id-3cc96853c4f2967503bc1e2b4e779484.resize-by-browser-width .dt-css-grid .wf-cell {\n    width: 100%;\n  }\n  .cssgridlegacy.no-cssgrid .blog-shortcode.blog-masonry-shortcode-id-3cc96853c4f2967503bc1e2b4e779484.resize-by-browser-width .dt-css-grid .wf-cell.double-width,\n  .no-cssgridlegacy.no-cssgrid .blog-shortcode.blog-masonry-shortcode-id-3cc96853c4f2967503bc1e2b4e779484.resize-by-browser-width .dt-css-grid .wf-cell.double-width {\n    width: calc(100%)*2;\n  }\n}<\/style><div class=\"blog-shortcode blog-masonry-shortcode-id-3cc96853c4f2967503bc1e2b4e779484 mode-grid classic-layout-list jquery-filter circle-fancy-style scale-img meta-info-off dt-css-grid-wrap dt-icon-bg-off resize-by-browser-width loading-effect-none description-under-image \" data-padding=\"15px\" data-cur-page=\"1\" data-post-limit=\"-1\" data-pagination-mode=\"none\" data-desktop-columns-num=\"3\" data-v-tablet-columns-num=\"2\" data-h-tablet-columns-num=\"3\" data-phone-columns-num=\"1\" data-width=\"0px\" data-columns=\"0\"><div class=\"dt-css-grid\" ><div class=\"visible wf-cell\" data-post-id=\"21412\" data-date=\"2023-11-09T16:25:15+01:00\" data-name=\"Marc De Vuyst joins the Helpdesk team\"><article class=\"post project-odd visible post-21412 type-post status-publish format-standard has-post-thumbnail hentry category-actualite-en category-103\" data-name=\"Marc De Vuyst joins the Helpdesk team\" data-date=\"2023-11-09T16:25:15+01:00\">\n\n<div class=\"post-thumbnail-wrap\">\n\t<div class=\"post-thumbnail\">\n\t\t\n\t\t\n\t\t<a href=\"https:\/\/www.fastback-automotive.com\/en\/marc-de-vuyst-joins-the-helpdesk-team\/\" class=\"post-thumbnail-rollover layzr-bg layzr-bg\" ><img fetchpriority=\"high\" decoding=\"async\" class=\"iso-lazy-load preload-me iso-lazy-load aspect\" src=\"data:image\/svg+xml,%3Csvg%20xmlns%3D&#39;http%3A%2F%2Fwww.w3.org%2F2000%2Fsvg&#39;%20viewBox%3D&#39;0%200%20768%20512&#39;%2F%3E\" data-src=\"https:\/\/www.fastback-automotive.com\/wp-content\/uploads\/2023\/10\/marc-768x512.jpg\" data-srcset=\"https:\/\/www.fastback-automotive.com\/wp-content\/uploads\/2023\/10\/marc-768x512.jpg 768w, https:\/\/www.fastback-automotive.com\/wp-content\/uploads\/2023\/10\/marc-1152x768.jpg 1152w\" loading=\"eager\" style=\"--ratio: 768 \/ 512\" sizes=\"(max-width: 768px) 100vw, 768px\" alt=\"\" title=\"marc\" width=\"768\" height=\"512\"  \/><\/a>\t<\/div>\n<\/div>\n\n\n<div class=\"post-entry-content\">\n\n\t<h3 class=\"entry-title\">\n\t\t<a href=\"https:\/\/www.fastback-automotive.com\/en\/marc-de-vuyst-joins-the-helpdesk-team\/\" title=\"Marc De Vuyst joins the Helpdesk team\" rel=\"bookmark\">Marc De Vuyst joins the Helpdesk team<\/a>\n\t<\/h3>\n\n\t\n\t<div class=\"entry-excerpt\"><p>September sees another addition to the Fastback family. We&#8217;re delighted to introduce Marc De Vuyst, our new Helpdesk agent. Software expert, multilingual and always ready for a challenge, discover Marc&#8217;s&hellip;<\/p>\n<\/div>\n\t\n<a href=\"https:\/\/www.fastback-automotive.com\/en\/marc-de-vuyst-joins-the-helpdesk-team\/\" class=\"post-details details-type-link\" aria-label=\"Read more about Marc De Vuyst joins the Helpdesk team\">Read more<i class=\"dt-icon-the7-arrow-03\" aria-hidden=\"true\"><\/i><\/a>\n\n<\/div><\/article><\/div><div class=\"visible wf-cell\" data-post-id=\"21410\" data-date=\"2023-11-09T16:23:17+01:00\" data-name=\"Our new back-end developer : Sylvain joins Fastback!\"><article class=\"post project-odd visible post-21410 type-post status-publish format-standard has-post-thumbnail hentry category-actualite-en category-103\" data-name=\"Our new back-end developer : Sylvain joins Fastback!\" data-date=\"2023-11-09T16:23:17+01:00\">\n\n<div class=\"post-thumbnail-wrap\">\n\t<div class=\"post-thumbnail\">\n\t\t\n\t\t\n\t\t<a href=\"https:\/\/www.fastback-automotive.com\/en\/our-new-back-end-developer-sylvain-joins-fastback\/\" class=\"post-thumbnail-rollover layzr-bg layzr-bg\" ><img decoding=\"async\" class=\"iso-lazy-load preload-me iso-lazy-load aspect\" src=\"data:image\/svg+xml,%3Csvg%20xmlns%3D&#39;http%3A%2F%2Fwww.w3.org%2F2000%2Fsvg&#39;%20viewBox%3D&#39;0%200%20768%20512&#39;%2F%3E\" data-src=\"https:\/\/www.fastback-automotive.com\/wp-content\/uploads\/2023\/10\/sylvain-768x512.jpg\" data-srcset=\"https:\/\/www.fastback-automotive.com\/wp-content\/uploads\/2023\/10\/sylvain-768x512.jpg 768w, https:\/\/www.fastback-automotive.com\/wp-content\/uploads\/2023\/10\/sylvain-1152x768.jpg 1152w\" loading=\"eager\" style=\"--ratio: 768 \/ 512\" sizes=\"(max-width: 768px) 100vw, 768px\" alt=\"\" title=\"sylvain\" width=\"768\" height=\"512\"  \/><\/a>\t<\/div>\n<\/div>\n\n\n<div class=\"post-entry-content\">\n\n\t<h3 class=\"entry-title\">\n\t\t<a href=\"https:\/\/www.fastback-automotive.com\/en\/our-new-back-end-developer-sylvain-joins-fastback\/\" title=\"Our new back-end developer : Sylvain joins Fastback!\" rel=\"bookmark\">Our new back-end developer : Sylvain joins Fastback!<\/a>\n\t<\/h3>\n\n\t\n\t<div class=\"entry-excerpt\"><p>Today, we&#8217;re delighted to introduce a new addition to the Fastback family. With his varied experience and undeniable passion for development, Sylvain Hittelet joins us as a back-end developer. Find&hellip;<\/p>\n<\/div>\n\t\n<a href=\"https:\/\/www.fastback-automotive.com\/en\/our-new-back-end-developer-sylvain-joins-fastback\/\" class=\"post-details details-type-link\" aria-label=\"Read more about Our new back-end developer : Sylvain joins Fastback!\">Read more<i class=\"dt-icon-the7-arrow-03\" aria-hidden=\"true\"><\/i><\/a>\n\n<\/div><\/article><\/div><div class=\"visible wf-cell\" data-post-id=\"16164\" data-date=\"2020-06-16T11:56:18+02:00\" data-name=\"A new co-worker joined the Fastback team : discover Emmanuelle\u2019s professional profile\"><article class=\"post project-odd visible post-16164 type-post status-publish format-standard has-post-thumbnail hentry category-actualite-en category-103\" data-name=\"A new co-worker joined the Fastback team : discover Emmanuelle\u2019s professional profile\" data-date=\"2020-06-16T11:56:18+02:00\">\n\n<div class=\"post-thumbnail-wrap\">\n\t<div class=\"post-thumbnail\">\n\t\t\n\t\t\n\t\t<a href=\"https:\/\/www.fastback-automotive.com\/en\/a-new-co-worker-joined-the-fastback-team-discover-emmanuelles-professional-profile\/\" class=\"post-thumbnail-rollover layzr-bg layzr-bg\" ><img decoding=\"async\" class=\"iso-lazy-load preload-me iso-lazy-load aspect\" src=\"data:image\/svg+xml,%3Csvg%20xmlns%3D&#39;http%3A%2F%2Fwww.w3.org%2F2000%2Fsvg&#39;%20viewBox%3D&#39;0%200%20768%20512&#39;%2F%3E\" data-src=\"https:\/\/www.fastback-automotive.com\/wp-content\/uploads\/2020\/06\/Emm2-2-scaled-768x512.jpg\" data-srcset=\"https:\/\/www.fastback-automotive.com\/wp-content\/uploads\/2020\/06\/Emm2-2-scaled-768x512.jpg 768w, https:\/\/www.fastback-automotive.com\/wp-content\/uploads\/2020\/06\/Emm2-2-scaled-1152x768.jpg 1152w\" loading=\"eager\" style=\"--ratio: 768 \/ 512\" sizes=\"(max-width: 768px) 100vw, 768px\" alt=\"Emmanuelle Beniero\" title=\"Emm2\" width=\"768\" height=\"512\"  \/><\/a>\t<\/div>\n<\/div>\n\n\n<div class=\"post-entry-content\">\n\n\t<h3 class=\"entry-title\">\n\t\t<a href=\"https:\/\/www.fastback-automotive.com\/en\/a-new-co-worker-joined-the-fastback-team-discover-emmanuelles-professional-profile\/\" title=\"A new co-worker joined the Fastback team : discover Emmanuelle\u2019s professional profile\" rel=\"bookmark\">A new co-worker joined the Fastback team : discover Emmanuelle\u2019s professional profile<\/a>\n\t<\/h3>\n\n\t\n\t<div class=\"entry-excerpt\"><p>Our team is getting bigger! Discover Emmanuelle Beniero\u2019s professional profile.<\/p>\n<\/div>\n\t\n<a href=\"https:\/\/www.fastback-automotive.com\/en\/a-new-co-worker-joined-the-fastback-team-discover-emmanuelles-professional-profile\/\" class=\"post-details details-type-link\" aria-label=\"Read more about A new co-worker joined the Fastback team : discover Emmanuelle\u2019s professional profile\">Read more<i class=\"dt-icon-the7-arrow-03\" aria-hidden=\"true\"><\/i><\/a>\n\n<\/div><\/article><\/div><\/div><!-- iso-container|iso-grid --><\/div>[\/vc_column][\/vc_row]<\/p>\n<\/div>","protected":false},"excerpt":{"rendered":"<p>[vc_row][vc_column][\/vc_column][\/vc_row]<\/p>\n","protected":false},"author":3,"featured_media":0,"parent":0,"menu_order":0,"comment_status":"closed","ping_status":"closed","template":"","meta":{"footnotes":""},"class_list":["post-17340","page","type-page","status-publish","hentry","description-off"],"yoast_head":"<!-- This site is optimized with the Yoast SEO plugin v27.5 - https:\/\/yoast.com\/product\/yoast-seo-wordpress\/ -->\n<title>L&#039;actualit\u00e9 Fastback le logiciel de gestions ventes automobile<\/title>\n<meta name=\"description\" content=\"D\u00e9couvrez les articles sur l&#039;actualit\u00e9 de fastback\" \/>\n<meta name=\"robots\" content=\"index, follow, max-snippet:-1, max-image-preview:large, max-video-preview:-1\" \/>\n<link rel=\"canonical\" href=\"https:\/\/www.fastback-automotive.com\/en\/news\/\" \/>\n<meta property=\"og:locale\" content=\"en_US\" \/>\n<meta property=\"og:type\" content=\"article\" \/>\n<meta property=\"og:title\" content=\"L&#039;actualit\u00e9 Fastback le logiciel de gestions ventes automobile\" \/>\n<meta property=\"og:description\" content=\"D\u00e9couvrez les articles sur l&#039;actualit\u00e9 de fastback\" \/>\n<meta property=\"og:url\" content=\"https:\/\/www.fastback-automotive.com\/en\/news\/\" \/>\n<meta property=\"og:site_name\" content=\"Fastback Automotive\" \/>\n<meta property=\"article:modified_time\" content=\"2025-01-22T11:27:36+00:00\" \/>\n<meta name=\"twitter:card\" content=\"summary_large_image\" \/>\n<script type=\"application\/ld+json\" class=\"yoast-schema-graph\">{\"@context\":\"https:\\\/\\\/schema.org\",\"@graph\":[{\"@type\":\"WebPage\",\"@id\":\"https:\\\/\\\/www.fastback-automotive.com\\\/en\\\/news\\\/\",\"url\":\"https:\\\/\\\/www.fastback-automotive.com\\\/en\\\/news\\\/\",\"name\":\"L'actualit\u00e9 Fastback le logiciel de gestions ventes automobile\",\"isPartOf\":{\"@id\":\"https:\\\/\\\/www.fastback-automotive.com\\\/#website\"},\"datePublished\":\"2017-06-16T08:52:39+00:00\",\"dateModified\":\"2025-01-22T11:27:36+00:00\",\"description\":\"D\u00e9couvrez les articles sur l'actualit\u00e9 de fastback\",\"breadcrumb\":{\"@id\":\"https:\\\/\\\/www.fastback-automotive.com\\\/en\\\/news\\\/#breadcrumb\"},\"inLanguage\":\"en-US\",\"potentialAction\":[{\"@type\":\"ReadAction\",\"target\":[\"https:\\\/\\\/www.fastback-automotive.com\\\/en\\\/news\\\/\"]}]},{\"@type\":\"BreadcrumbList\",\"@id\":\"https:\\\/\\\/www.fastback-automotive.com\\\/en\\\/news\\\/#breadcrumb\",\"itemListElement\":[{\"@type\":\"ListItem\",\"position\":1,\"name\":\"Accueil\",\"item\":\"https:\\\/\\\/www.fastback-automotive.com\\\/en\\\/\"},{\"@type\":\"ListItem\",\"position\":2,\"name\":\"News\"}]},{\"@type\":\"WebSite\",\"@id\":\"https:\\\/\\\/www.fastback-automotive.com\\\/#website\",\"url\":\"https:\\\/\\\/www.fastback-automotive.com\\\/\",\"name\":\"Fastback Automotive\",\"description\":\"\",\"potentialAction\":[{\"@type\":\"SearchAction\",\"target\":{\"@type\":\"EntryPoint\",\"urlTemplate\":\"https:\\\/\\\/www.fastback-automotive.com\\\/?s={search_term_string}\"},\"query-input\":{\"@type\":\"PropertyValueSpecification\",\"valueRequired\":true,\"valueName\":\"search_term_string\"}}],\"inLanguage\":\"en-US\"}]}<\/script>\n<!-- \/ Yoast SEO plugin. -->","yoast_head_json":{"title":"L'actualit\u00e9 Fastback le logiciel de gestions ventes automobile","description":"D\u00e9couvrez les articles sur l'actualit\u00e9 de fastback","robots":{"index":"index","follow":"follow","max-snippet":"max-snippet:-1","max-image-preview":"max-image-preview:large","max-video-preview":"max-video-preview:-1"},"canonical":"https:\/\/www.fastback-automotive.com\/en\/news\/","og_locale":"en_US","og_type":"article","og_title":"L'actualit\u00e9 Fastback le logiciel de gestions ventes automobile","og_description":"D\u00e9couvrez les articles sur l'actualit\u00e9 de fastback","og_url":"https:\/\/www.fastback-automotive.com\/en\/news\/","og_site_name":"Fastback Automotive","article_modified_time":"2025-01-22T11:27:36+00:00","twitter_card":"summary_large_image","schema":{"@context":"https:\/\/schema.org","@graph":[{"@type":"WebPage","@id":"https:\/\/www.fastback-automotive.com\/en\/news\/","url":"https:\/\/www.fastback-automotive.com\/en\/news\/","name":"L'actualit\u00e9 Fastback le logiciel de gestions ventes automobile","isPartOf":{"@id":"https:\/\/www.fastback-automotive.com\/#website"},"datePublished":"2017-06-16T08:52:39+00:00","dateModified":"2025-01-22T11:27:36+00:00","description":"D\u00e9couvrez les articles sur l'actualit\u00e9 de fastback","breadcrumb":{"@id":"https:\/\/www.fastback-automotive.com\/en\/news\/#breadcrumb"},"inLanguage":"en-US","potentialAction":[{"@type":"ReadAction","target":["https:\/\/www.fastback-automotive.com\/en\/news\/"]}]},{"@type":"BreadcrumbList","@id":"https:\/\/www.fastback-automotive.com\/en\/news\/#breadcrumb","itemListElement":[{"@type":"ListItem","position":1,"name":"Accueil","item":"https:\/\/www.fastback-automotive.com\/en\/"},{"@type":"ListItem","position":2,"name":"News"}]},{"@type":"WebSite","@id":"https:\/\/www.fastback-automotive.com\/#website","url":"https:\/\/www.fastback-automotive.com\/","name":"Fastback Automotive","description":"","potentialAction":[{"@type":"SearchAction","target":{"@type":"EntryPoint","urlTemplate":"https:\/\/www.fastback-automotive.com\/?s={search_term_string}"},"query-input":{"@type":"PropertyValueSpecification","valueRequired":true,"valueName":"search_term_string"}}],"inLanguage":"en-US"}]}},"_links":{"self":[{"href":"https:\/\/www.fastback-automotive.com\/en\/wp-json\/wp\/v2\/pages\/17340","targetHints":{"allow":["GET"]}}],"collection":[{"href":"https:\/\/www.fastback-automotive.com\/en\/wp-json\/wp\/v2\/pages"}],"about":[{"href":"https:\/\/www.fastback-automotive.com\/en\/wp-json\/wp\/v2\/types\/page"}],"author":[{"embeddable":true,"href":"https:\/\/www.fastback-automotive.com\/en\/wp-json\/wp\/v2\/users\/3"}],"replies":[{"embeddable":true,"href":"https:\/\/www.fastback-automotive.com\/en\/wp-json\/wp\/v2\/comments?post=17340"}],"version-history":[{"count":4,"href":"https:\/\/www.fastback-automotive.com\/en\/wp-json\/wp\/v2\/pages\/17340\/revisions"}],"predecessor-version":[{"id":22649,"href":"https:\/\/www.fastback-automotive.com\/en\/wp-json\/wp\/v2\/pages\/17340\/revisions\/22649"}],"wp:attachment":[{"href":"https:\/\/www.fastback-automotive.com\/en\/wp-json\/wp\/v2\/media?parent=17340"}],"curies":[{"name":"wp","href":"https:\/\/api.w.org\/{rel}","templated":true}]}}